{"id":9,"date":"2024-04-20T09:04:50","date_gmt":"2024-04-20T09:04:50","guid":{"rendered":"https:\/\/care.leviethop.vn\/?page_id=9"},"modified":"2024-04-20T09:44:24","modified_gmt":"2024-04-20T09:44:24","slug":"nhan-ebook-xay-co-may-ban-hang","status":"publish","type":"page","link":"https:\/\/care.leviethop.vn\/","title":{"rendered":"Nh\u1eadn Ebook X\u00e2y C\u1ed5 M\u00e1y B\u00e1n h\u00e0ng"},"content":{"rendered":"","protected":false},"excerpt":{"rendered":"","protected":false},"author":1,"featured_media":0,"parent":0,"menu_order":0,"comment_status":"closed","ping_status":"closed","template":"","meta":{"footnotes":""},"class_list":["post-9","page","type-page","status-publish","hentry"],"_links":{"self":[{"href":"https:\/\/care.leviethop.vn\/index.php\/wp-json\/wp\/v2\/pages\/9","targetHints":{"allow":["GET"]}}],"collection":[{"href":"https:\/\/care.leviethop.vn\/index.php\/wp-json\/wp\/v2\/pages"}],"about":[{"href":"https:\/\/care.leviethop.vn\/index.php\/wp-json\/wp\/v2\/types\/page"}],"author":[{"embeddable":true,"href":"https:\/\/care.leviethop.vn\/index.php\/wp-json\/wp\/v2\/users\/1"}],"replies":[{"embeddable":true,"href":"https:\/\/care.leviethop.vn\/index.php\/wp-json\/wp\/v2\/comments?post=9"}],"version-history":[{"count":8,"href":"https:\/\/care.leviethop.vn\/index.php\/wp-json\/wp\/v2\/pages\/9\/revisions"}],"predecessor-version":[{"id":26,"href":"https:\/\/care.leviethop.vn\/index.php\/wp-json\/wp\/v2\/pages\/9\/revisions\/26"}],"wp:attachment":[{"href":"https:\/\/care.leviethop.vn\/index.php\/wp-json\/wp\/v2\/media?parent=9"}],"curies":[{"name":"wp","href":"https:\/\/api.w.org\/{rel}","templated":true}]}}